{"id":109,"date":"2017-10-21T15:40:01","date_gmt":"2017-10-21T13:40:01","guid":{"rendered":"http:\/\/wrtlprmft.goip.de\/?page_id=109"},"modified":"2023-01-22T13:50:04","modified_gmt":"2023-01-22T11:50:04","slug":"quellenangabe","status":"publish","type":"page","link":"https:\/\/www.wienand-consulting.de\/index.php\/impressum\/quellenangabe\/","title":{"rendered":"Quellennachweis"},"content":{"rendered":"\n<h5 class=\"wp-block-heading\"><a href=\"https:\/\/www.wienand-consulting.de\/index.php\/impressum\/\">Zur\u00fcck<\/a><\/h5>\n\n\n\n<p>Soweit im Beitag nichts anderes angegeben wurde, sind Bilder und Texte selbst erstellt oder frei verf\u00fcgbar. Dies berechtigt nicht automatisch zur weiteren Verwendung au\u00dferhalb dieser Website.<\/p>\n\n\n\n<p>F\u00fcr die Inhalte der Kommentare und Anmerkungen ist der Seitenbetreiber nicht verantwortlich.<\/p>\n","protected":false},"excerpt":{"rendered":"<p>Zur\u00fcck Soweit im Beitag nichts anderes angegeben wurde, sind Bilder und Texte selbst erstellt oder frei verf\u00fcgbar. Dies berechtigt nicht automatisch zur weiteren Verwendung au\u00dferhalb dieser Website. F\u00fcr die Inhalte der Kommentare und Anmerkungen ist der Seitenbetreiber nicht verantwortlich.<\/p>\n","protected":false},"author":1,"featured_media":0,"parent":82,"menu_order":0,"comment_status":"closed","ping_status":"closed","template":"","meta":{"ngg_post_thumbnail":0,"footnotes":""},"class_list":["post-109","page","type-page","status-publish","hentry"],"yoast_head":"<!-- This site is optimized with the Yoast SEO plugin v27.5 - https:\/\/yoast.com\/product\/yoast-seo-wordpress\/ -->\n<title>Quellennachweis - Joachim Wienand Consulting<\/title>\n<meta name=\"robots\" content=\"index, follow, max-snippet:-1, max-image-preview:large, max-video-preview:-1\" \/>\n<link rel=\"canonical\" href=\"https:\/\/www.wienand-consulting.de\/index.php\/impressum\/quellenangabe\/\" \/>\n<meta property=\"og:locale\" content=\"de_DE\" \/>\n<meta property=\"og:type\" content=\"article\" \/>\n<meta property=\"og:title\" content=\"Quellennachweis - Joachim Wienand Consulting\" \/>\n<meta property=\"og:description\" content=\"Zur\u00fcck Soweit im Beitag nichts anderes angegeben wurde, sind Bilder und Texte selbst erstellt oder frei verf\u00fcgbar. Dies berechtigt nicht automatisch zur weiteren Verwendung au\u00dferhalb dieser Website. F\u00fcr die Inhalte der Kommentare und Anmerkungen ist der Seitenbetreiber nicht verantwortlich.\" \/>\n<meta property=\"og:url\" content=\"https:\/\/www.wienand-consulting.de\/index.php\/impressum\/quellenangabe\/\" \/>\n<meta property=\"og:site_name\" content=\"Joachim Wienand Consulting\" \/>\n<meta property=\"article:publisher\" content=\"https:\/\/www.facebook.com\/Louis1970\" \/>\n<meta property=\"article:modified_time\" content=\"2023-01-22T11:50:04+00:00\" \/>\n<meta name=\"twitter:card\" content=\"summary_large_image\" \/>\n<meta name=\"twitter:label1\" content=\"Gesch\u00e4tzte Lesezeit\" \/>\n\t<meta name=\"twitter:data1\" content=\"1\u00a0Minute\" \/>\n<script type=\"application\/ld+json\" class=\"yoast-schema-graph\">{\"@context\":\"https:\\\/\\\/schema.org\",\"@graph\":[{\"@type\":\"WebPage\",\"@id\":\"https:\\\/\\\/www.wienand-consulting.de\\\/index.php\\\/impressum\\\/quellenangabe\\\/\",\"url\":\"https:\\\/\\\/www.wienand-consulting.de\\\/index.php\\\/impressum\\\/quellenangabe\\\/\",\"name\":\"Quellennachweis - Joachim Wienand Consulting\",\"isPartOf\":{\"@id\":\"https:\\\/\\\/www.wienand-consulting.de\\\/#website\"},\"datePublished\":\"2017-10-21T13:40:01+00:00\",\"dateModified\":\"2023-01-22T11:50:04+00:00\",\"breadcrumb\":{\"@id\":\"https:\\\/\\\/www.wienand-consulting.de\\\/index.php\\\/impressum\\\/quellenangabe\\\/#breadcrumb\"},\"inLanguage\":\"de\",\"potentialAction\":[{\"@type\":\"ReadAction\",\"target\":[\"https:\\\/\\\/www.wienand-consulting.de\\\/index.php\\\/impressum\\\/quellenangabe\\\/\"]}]},{\"@type\":\"BreadcrumbList\",\"@id\":\"https:\\\/\\\/www.wienand-consulting.de\\\/index.php\\\/impressum\\\/quellenangabe\\\/#breadcrumb\",\"itemListElement\":[{\"@type\":\"ListItem\",\"position\":1,\"name\":\"Startseite\",\"item\":\"https:\\\/\\\/www.wienand-consulting.de\\\/\"},{\"@type\":\"ListItem\",\"position\":2,\"name\":\"Impressum\",\"item\":\"https:\\\/\\\/www.wienand-consulting.de\\\/index.php\\\/impressum\\\/\"},{\"@type\":\"ListItem\",\"position\":3,\"name\":\"Quellennachweis\"}]},{\"@type\":\"WebSite\",\"@id\":\"https:\\\/\\\/www.wienand-consulting.de\\\/#website\",\"url\":\"https:\\\/\\\/www.wienand-consulting.de\\\/\",\"name\":\"Joachim Wienand Consulting\",\"description\":\"hit the mark\",\"potentialAction\":[{\"@type\":\"SearchAction\",\"target\":{\"@type\":\"EntryPoint\",\"urlTemplate\":\"https:\\\/\\\/www.wienand-consulting.de\\\/?s={search_term_string}\"},\"query-input\":{\"@type\":\"PropertyValueSpecification\",\"valueRequired\":true,\"valueName\":\"search_term_string\"}}],\"inLanguage\":\"de\"}]}<\/script>\n<!-- \/ Yoast SEO plugin. -->","yoast_head_json":{"title":"Quellennachweis - Joachim Wienand Consulting","robots":{"index":"index","follow":"follow","max-snippet":"max-snippet:-1","max-image-preview":"max-image-preview:large","max-video-preview":"max-video-preview:-1"},"canonical":"https:\/\/www.wienand-consulting.de\/index.php\/impressum\/quellenangabe\/","og_locale":"de_DE","og_type":"article","og_title":"Quellennachweis - Joachim Wienand Consulting","og_description":"Zur\u00fcck Soweit im Beitag nichts anderes angegeben wurde, sind Bilder und Texte selbst erstellt oder frei verf\u00fcgbar. Dies berechtigt nicht automatisch zur weiteren Verwendung au\u00dferhalb dieser Website. F\u00fcr die Inhalte der Kommentare und Anmerkungen ist der Seitenbetreiber nicht verantwortlich.","og_url":"https:\/\/www.wienand-consulting.de\/index.php\/impressum\/quellenangabe\/","og_site_name":"Joachim Wienand Consulting","article_publisher":"https:\/\/www.facebook.com\/Louis1970","article_modified_time":"2023-01-22T11:50:04+00:00","twitter_card":"summary_large_image","twitter_misc":{"Gesch\u00e4tzte Lesezeit":"1\u00a0Minute"},"schema":{"@context":"https:\/\/schema.org","@graph":[{"@type":"WebPage","@id":"https:\/\/www.wienand-consulting.de\/index.php\/impressum\/quellenangabe\/","url":"https:\/\/www.wienand-consulting.de\/index.php\/impressum\/quellenangabe\/","name":"Quellennachweis - Joachim Wienand Consulting","isPartOf":{"@id":"https:\/\/www.wienand-consulting.de\/#website"},"datePublished":"2017-10-21T13:40:01+00:00","dateModified":"2023-01-22T11:50:04+00:00","breadcrumb":{"@id":"https:\/\/www.wienand-consulting.de\/index.php\/impressum\/quellenangabe\/#breadcrumb"},"inLanguage":"de","potentialAction":[{"@type":"ReadAction","target":["https:\/\/www.wienand-consulting.de\/index.php\/impressum\/quellenangabe\/"]}]},{"@type":"BreadcrumbList","@id":"https:\/\/www.wienand-consulting.de\/index.php\/impressum\/quellenangabe\/#breadcrumb","itemListElement":[{"@type":"ListItem","position":1,"name":"Startseite","item":"https:\/\/www.wienand-consulting.de\/"},{"@type":"ListItem","position":2,"name":"Impressum","item":"https:\/\/www.wienand-consulting.de\/index.php\/impressum\/"},{"@type":"ListItem","position":3,"name":"Quellennachweis"}]},{"@type":"WebSite","@id":"https:\/\/www.wienand-consulting.de\/#website","url":"https:\/\/www.wienand-consulting.de\/","name":"Joachim Wienand Consulting","description":"hit the mark","potentialAction":[{"@type":"SearchAction","target":{"@type":"EntryPoint","urlTemplate":"https:\/\/www.wienand-consulting.de\/?s={search_term_string}"},"query-input":{"@type":"PropertyValueSpecification","valueRequired":true,"valueName":"search_term_string"}}],"inLanguage":"de"}]}},"_links":{"self":[{"href":"https:\/\/www.wienand-consulting.de\/index.php\/wp-json\/wp\/v2\/pages\/109","targetHints":{"allow":["GET"]}}],"collection":[{"href":"https:\/\/www.wienand-consulting.de\/index.php\/wp-json\/wp\/v2\/pages"}],"about":[{"href":"https:\/\/www.wienand-consulting.de\/index.php\/wp-json\/wp\/v2\/types\/page"}],"author":[{"embeddable":true,"href":"https:\/\/www.wienand-consulting.de\/index.php\/wp-json\/wp\/v2\/users\/1"}],"replies":[{"embeddable":true,"href":"https:\/\/www.wienand-consulting.de\/index.php\/wp-json\/wp\/v2\/comments?post=109"}],"version-history":[{"count":8,"href":"https:\/\/www.wienand-consulting.de\/index.php\/wp-json\/wp\/v2\/pages\/109\/revisions"}],"predecessor-version":[{"id":715,"href":"https:\/\/www.wienand-consulting.de\/index.php\/wp-json\/wp\/v2\/pages\/109\/revisions\/715"}],"up":[{"embeddable":true,"href":"https:\/\/www.wienand-consulting.de\/index.php\/wp-json\/wp\/v2\/pages\/82"}],"wp:attachment":[{"href":"https:\/\/www.wienand-consulting.de\/index.php\/wp-json\/wp\/v2\/media?parent=109"}],"curies":[{"name":"wp","href":"https:\/\/api.w.org\/{rel}","templated":true}]}}